{"id":7029,"date":"2023-05-10T10:25:17","date_gmt":"2023-05-10T13:25:17","guid":{"rendered":"https:\/\/martinszanchet.wjkmarketing.com.br\/?page_id=7029"},"modified":"2025-06-23T10:41:44","modified_gmt":"2025-06-23T13:41:44","slug":"libros-y-libros-electronicos","status":"publish","type":"page","link":"https:\/\/martinszanchet.com.br\/es\/libros-y-libros-electronicos\/","title":{"rendered":"Libros y libros electr\u00f3nicos"},"content":{"rendered":"<section class=\"l-section wpb_row us_custom_bc82c528 height_medium\"><div class=\"l-section-h i-cf\"><div class=\"g-cols vc_row via_grid cols_1 laptops-cols_inherit tablets-cols_inherit mobiles-cols_1 valign_top type_default stacking_default\"><div class=\"wpb_column vc_column_container\"><div class=\"vc_column-inner\"><div class=\"w-hwrapper valign_middle stack_on_mobiles align_right\"><div class=\"w-search for_list layout_simple us-field-style_1 us_custom_3c634c4e iconpos_right live_search change_url_params\"><form class=\"w-form-row for_text\" role=\"search\" method=\"get\"><div class=\"w-form-row-field\"><input aria-label=\"Search\" name=\"list_search\" placeholder=\"Search\" type=\"text\" value\/><\/div><button class=\"w-search-reset\" type=\"button\" aria-label=\"Reset\"><\/button><button aria-label=\"Search\" class=\"w-search-form-btn w-btn\" type=\"submit\" style=\"--icon-size:18px;\"><i class=\"fal fa-search\"><\/i><\/button><\/form><div class=\"w-search-message hidden\"><\/div><\/div><form class=\"w-filter for_list state_desktop us-field-style_1 layout_hor items_1 mod_dropdown align_right elm_index_1 drop_on_hover change_url_params scroll_to_list\" action style=\"--items-gap:1.5em;\" onsubmit=\"return false;\" onclick='return {&quot;mobileWidth&quot;:600}'><div class=\"w-filter-list\"><div class=\"w-filter-list-title\">Filtros<\/div><button class=\"w-filter-list-closer\" type=\"button\" title=\"Close\" aria-label=\"Close\"><\/button><div class=\"w-filter-item number_1 type_checkbox\" data-name=\"ebook_formato\"><button class=\"w-filter-item-title us-field-style_default\" type=\"button\">Formato<span><\/span><\/button><a class=\"w-filter-item-reset us-field-style_default\" href=\"#\" title=\"Reiniciar\"><span>Reiniciar<\/span><\/a><div class=\"w-filter-item-content\"><div class=\"w-filter-item-values\"><div class=\"w-filter-item-value\" data-value=\"Ebook\"><label><input type=\"checkbox\" value=\"Ebook\" name=\"ebook_formato\"><span class=\"w-filter-item-value-label\">Ebook<\/span><\/label><\/div><div class=\"w-filter-item-value\" data-value=\"F\u00edsico\"><label><input type=\"checkbox\" value=\"F%C3%ADsico\" name=\"ebook_formato\"><span class=\"w-filter-item-value-label\">F\u00edsico<\/span><\/label><\/div><div class=\"w-filter-item-value\" data-value=\"Physical\"><label><input type=\"checkbox\" value=\"Physical\" name=\"ebook_formato\"><span class=\"w-filter-item-value-label\">Physical<\/span><\/label><\/div><\/div><\/div><\/div><\/div><div class=\"w-filter-list-panel\"><button class=\"w-btn w-filter-button-submit us-btn-style_1\" type=\"button\"><span class=\"w-btn-label\">Apply<\/span><\/button><\/div><style>@media( max-width:600px ){.w-filter.state_desktop.elm_index_1 .w-filter-list,.w-filter.elm_index_1 .w-filter-item-title>span{display:none!important}.w-filter.elm_index_1 .w-filter-opener{display:inline-block}}<\/style><button class=\"w-filter-opener\" type=\"button\" style=\"--badge-bg-color:#e3ece4;--badge-color:black;\"><span>Filtros<\/span><\/button><\/form><\/div><div class=\"w-separator size_small\"><\/div><div class=\"w-grid us_post_list type_grid layout_977 hidden cols_2 pagination_numbered overflow_hidden preload_style_spinner\" id=\"us_post_list_gf2b\" style=\"--columns:2;--gap:1rem;\"><style>@media (max-width:600px){#us_post_list_gf2b{--columns:1!important}}.layout_977 .w-grid-item-h{}@media(max-width:599px){.layout_977 .usg_post_custom_field_2{display:none!important}}.layout_977 .usg_vwrapper_1{color:var(--color-mz-verde-menta)!important;padding:2rem!important;background:var(--color-mz-azul-escuro)!important}.layout_977 .usg_post_title_2{color:var(--color-mz-verde-menta)!important;font-size:1.5rem!important;font-weight:400!important}.layout_977 .usg_post_custom_field_1{font-size:1rem!important}.layout_977 .usg_text_1{color:var(--color-mz-verde-menta)!important;text-align:right!important;font-style:italic!important}.layout_977 .usg_text_2{color:var(--color-alt-content-faded)!important;font-style:italic!important}.layout_977 .usg_hwrapper_1{background:var(--color-mz-azul-escuro)!important}.layout_977 .usg_post_image_1{width:50%!important}.layout_977 .usg_post_custom_field_2{color:var(--color-alt-content-faded)!important;text-transform:uppercase!important}.layout_977 .usg_text_3{color:var(--color-mz-verde-menta)!important;text-align:right!important;font-style:italic!important}@media (min-width:1025px) and (max-width:1280px){.layout_977 .usg_post_title_2{color:var(--color-mz-verde-menta)!important;font-size:1.5rem!important;font-weight:400!important}.layout_977 .usg_post_custom_field_1{font-size:1rem!important}}@media (min-width:601px) and (max-width:1024px){.layout_977 .usg_post_title_2{color:var(--color-mz-verde-menta)!important;font-size:1.5rem!important;font-weight:400!important}.layout_977 .usg_post_custom_field_1{font-size:1rem!important}}@media (max-width:600px){.layout_977 .usg_post_title_2{color:var(--color-mz-verde-menta)!important;font-size:1.2rem!important;font-weight:400!important}.layout_977 .usg_post_custom_field_1{font-size:0.8rem!important;line-height:1.2!important}}<\/style><div class=\"w-grid-list\"><\/div><div class=\"g-loadmore hidden\"><div class=\"g-preloader type_1\"><div><\/div><\/div><\/div><div class=\"w-grid-list-json hidden\" onclick='return {&quot;max_num_pages&quot;:0,&quot;paginationBase&quot;:&quot;page&quot;,&quot;pagination&quot;:&quot;numbered&quot;,&quot;paged&quot;:1,&quot;ajaxData&quot;:{&quot;action&quot;:&quot;us_ajax_post_list&quot;,&quot;meta_type&quot;:&quot;post&quot;,&quot;object_id&quot;:0,&quot;template_vars&quot;:{&quot;shortcode_base&quot;:&quot;us_post_list&quot;,&quot;paged&quot;:1,&quot;max_num_pages&quot;:0,&quot;no_results&quot;:true,&quot;us_post_content_design_css&quot;:[],&quot;found_posts&quot;:0,&quot;per_page&quot;:12,&quot;items_count&quot;:0,&quot;orderby_random_seed&quot;:null,&quot;source&quot;:&quot;all&quot;,&quot;custom_field_name&quot;:&quot;&quot;,&quot;ids&quot;:&quot;&quot;,&quot;post_type&quot;:&quot;ebook&quot;,&quot;attachment_ids&quot;:null,&quot;include_post_thumbnail&quot;:0,&quot;post_author&quot;:&quot;any&quot;,&quot;post_author_ids&quot;:&quot;&quot;,&quot;apply_url_params&quot;:0,&quot;ignore_sticky_posts&quot;:1,&quot;exclude_children&quot;:0,&quot;exclude_current_post&quot;:1,&quot;exclude_prev_posts&quot;:0,&quot;exclude_past_events&quot;:0,&quot;enable_items_offset&quot;:0,&quot;items_offset&quot;:&quot;1&quot;,&quot;tax_query_relation&quot;:&quot;none&quot;,&quot;tax_query&quot;:[{&quot;operator&quot;:&quot;IN&quot;,&quot;taxonomy&quot;:&quot;category&quot;,&quot;terms&quot;:&quot;&quot;,&quot;include_children&quot;:0}],&quot;meta_query_relation&quot;:&quot;none&quot;,&quot;meta_query&quot;:[{&quot;key&quot;:&quot;custom_field_name&quot;,&quot;compare&quot;:&quot;=&quot;,&quot;value&quot;:&quot;&quot;}],&quot;orderby&quot;:&quot;date&quot;,&quot;orderby_custom_field&quot;:&quot;&quot;,&quot;orderby_custom_type&quot;:0,&quot;order_invert&quot;:&quot;1&quot;,&quot;show_all&quot;:0,&quot;quantity&quot;:&quot;12&quot;,&quot;posts_per_archive_page&quot;:0,&quot;no_items_action&quot;:&quot;message&quot;,&quot;no_items_message&quot;:&quot;No results found.&quot;,&quot;no_items_page_block&quot;:&quot;&quot;,&quot;pagination&quot;:&quot;numbered&quot;,&quot;pagination_style&quot;:&quot;&quot;,&quot;pagination_btn_text&quot;:&quot;Cargar m\\u00e1s&quot;,&quot;pagination_btn_size&quot;:&quot;&quot;,&quot;pagination_btn_style&quot;:&quot;1&quot;,&quot;pagination_btn_fullwidth&quot;:0,&quot;items_layout&quot;:&quot;977&quot;,&quot;type&quot;:&quot;grid&quot;,&quot;items_valign&quot;:0,&quot;ignore_items_size&quot;:0,&quot;columns&quot;:&quot;2&quot;,&quot;items_gap&quot;:&quot;1rem&quot;,&quot;load_animation&quot;:&quot;none&quot;,&quot;items_preload_style&quot;:&quot;spinner&quot;,&quot;img_size&quot;:&quot;default&quot;,&quot;title_size&quot;:&quot;&quot;,&quot;items_ratio&quot;:&quot;default&quot;,&quot;items_ratio_width&quot;:&quot;21&quot;,&quot;items_ratio_height&quot;:&quot;9&quot;,&quot;overriding_link&quot;:&quot;%7B%22url%22%3A%22%22%7D&quot;,&quot;popup_page_template&quot;:&quot;0&quot;,&quot;popup_width&quot;:&quot;&quot;,&quot;popup_arrows&quot;:1,&quot;breakpoint_1_width&quot;:&quot;1281px&quot;,&quot;breakpoint_1_cols&quot;:&quot;default&quot;,&quot;breakpoint_1_quantity&quot;:&quot;&quot;,&quot;breakpoint_1_gap&quot;:&quot;&quot;,&quot;breakpoint_2_width&quot;:&quot;1025px&quot;,&quot;breakpoint_2_cols&quot;:&quot;2&quot;,&quot;breakpoint_2_quantity&quot;:&quot;&quot;,&quot;breakpoint_2_gap&quot;:&quot;&quot;,&quot;breakpoint_3_width&quot;:&quot;601px&quot;,&quot;breakpoint_3_cols&quot;:&quot;1&quot;,&quot;breakpoint_3_quantity&quot;:&quot;&quot;,&quot;breakpoint_3_gap&quot;:&quot;&quot;,&quot;conditions_operator&quot;:&quot;always&quot;,&quot;conditions&quot;:[],&quot;css&quot;:null,&quot;el_class&quot;:&quot;&quot;,&quot;el_id&quot;:&quot;&quot;,&quot;enable_custom_html_atts&quot;:0,&quot;custom_html_atts&quot;:null,&quot;hide_on_states&quot;:&quot;&quot;,&quot;hide_for_sticky&quot;:0,&quot;hide_for_not_sticky&quot;:0,&quot;hide_below&quot;:&quot;0px&quot;,&quot;hide_above&quot;:&quot;0px&quot;,&quot;classes&quot;:&quot;&quot;},&quot;found_posts&quot;:0,&quot;per_page&quot;:12},&quot;facetedFilter&quot;:[]}'><\/div><\/div><div class=\"w-grid-none type_message\">No results found.<\/div><\/div><\/div><\/div><\/div><\/section><section class=\"l-section wpb_row hide_on_mobiles height_auto color_primary\"><div class=\"l-section-h i-cf\"><div class=\"g-cols vc_row via_grid cols_3-1 laptops-cols_inherit tablets-cols_inherit mobiles-cols_1 valign_middle type_default stacking_default\"><div class=\"wpb_column vc_column_container\"><div class=\"vc_column-inner\"><div class=\"w-separator size_medium\"><\/div><div class=\"wpb_text_column us_custom_645ee995\"><div class=\"wpb_wrapper\"><p style=\"text-align: left;\">Cuente con nuestro conocimiento t\u00e9cnico y legal para el <em>desarrollo estrat\u00e9gico<\/em> y <em>sostenible<\/em> de su negocio.<\/p>\n<\/div><\/div><div class=\"w-separator size_small\"><\/div><div class=\"w-hwrapper valign_middle align_right\"><div class=\"w-btn-wrapper align_none\"><a class=\"w-btn us-btn-style_4\" href=\"\/contato\"><span class=\"w-btn-label\">Contacte<\/span><\/a><\/div><div class=\"w-btn-wrapper align_none\"><button class=\"w-btn us-btn-style_8 icon_atleft\" target=\"_blank\" rel=\"nofollow\"><i class=\"fab fa-whatsapp\"><\/i><span class=\"w-btn-label\">O llamar por WhatsApp<\/span><\/button><\/div><\/div><div class=\"w-separator size_medium\"><\/div><\/div><\/div><div class=\"wpb_column vc_column_container us_custom_503e5107 has_bg_color stretched\"><div class=\"vc_column-inner\"><\/div><\/div><\/div><\/div><\/section><section class=\"l-section wpb_row us_custom_9e7ca1a4 hide_on_default hide_on_laptops hide_on_tablets height_auto width_full color_primary\"><div class=\"l-section-h i-cf\"><div class=\"g-cols vc_row via_grid cols_1 laptops-cols_inherit tablets-cols_inherit mobiles-cols_1 valign_middle type_default stacking_default\"><div class=\"wpb_column vc_column_container\"><div class=\"vc_column-inner\"><div class=\"w-hwrapper valign_middle align_none\" style=\"--hwrapper-gap:1rem\"><div class=\"w-vwrapper align_none valign_middle\" style=\"--vwrapper-gap:0rem\"><div class=\"w-separator size_medium\"><\/div><div class=\"wpb_text_column us_custom_a4017d8e\"><div class=\"wpb_wrapper\"><p style=\"text-align: left;\">Cuente con nuestro conocimiento t\u00e9cnico y legal para el <em>desarrollo estrat\u00e9gico<\/em> y <em>sostenible<\/em> de su negocio.<\/p>\n<\/div><\/div><div class=\"w-separator size_small\"><\/div><div class=\"w-btn-wrapper align_none\"><a class=\"w-btn us-btn-style_4\" href=\"\/contato\"><span class=\"w-btn-label\">Contacte<\/span><\/a><\/div><div class=\"w-btn-wrapper align_none\"><button class=\"w-btn us-btn-style_8 icon_atleft\" target=\"_blank\" rel=\"nofollow\"><i class=\"fab fa-whatsapp\"><\/i><span class=\"w-btn-label\">O llamar por WhatsApp<\/span><\/button><\/div><div class=\"w-separator size_medium\"><\/div><\/div><div class=\"w-vwrapper us_custom_43736a44 align_none valign_top\" style=\"--vwrapper-gap:0rem\"><div class=\"w-separator size_custom\" style=\"height:400px\"><\/div><\/div><\/div><\/div><\/div><\/div><\/div><\/section>\n\n","protected":false},"excerpt":{"rendered":"FiltrosFormatoReiniciarEbookF\u00edsicoPhysicalApplyFiltrosNo results found.Cuente con nuestro conocimiento t\u00e9cnico y legal para el desarrollo estrat\u00e9gico y sostenible de su negocio. ContacteO llamar por WhatsAppCuente con nuestro conocimiento t\u00e9cnico y legal para el desarrollo estrat\u00e9gico y sostenible de su negocio. ContacteO llamar por WhatsApp","protected":false},"author":1,"featured_media":0,"parent":0,"menu_order":0,"comment_status":"closed","ping_status":"closed","template":"","meta":{"_acf_changed":false,"episode_type":"","audio_file":"","podmotor_file_id":"","podmotor_episode_id":"","cover_image":"","cover_image_id":"","duration":"","filesize":"","filesize_raw":"","date_recorded":"","explicit":"","block":"","itunes_episode_number":"","itunes_title":"","itunes_season_number":"","itunes_episode_type":"","footnotes":""},"class_list":["post-7029","page","type-page","status-publish","hentry"],"acf":[],"yoast_head":"<!-- This site is optimized with the Yoast SEO plugin v27.6 - https:\/\/yoast.com\/product\/yoast-seo-wordpress\/ -->\n<title>Libros y libros electr\u00f3nicos &#187; MartinsZanchet<\/title>\n<meta name=\"robots\" content=\"index, follow, max-snippet:-1, max-image-preview:large, max-video-preview:-1\" \/>\n<link rel=\"canonical\" href=\"https:\/\/martinszanchet.com.br\/es\/libros-y-libros-electronicos\/\" \/>\n<meta property=\"og:locale\" content=\"es_ES\" \/>\n<meta property=\"og:type\" content=\"article\" \/>\n<meta property=\"og:title\" content=\"Libros y libros electr\u00f3nicos &#187; MartinsZanchet\" \/>\n<meta property=\"og:url\" content=\"https:\/\/martinszanchet.com.br\/es\/libros-y-libros-electronicos\/\" \/>\n<meta property=\"og:site_name\" content=\"MartinsZanchet\" \/>\n<meta property=\"article:publisher\" content=\"https:\/\/www.facebook.com\/mzadvocaciaambiental\" \/>\n<meta property=\"article:modified_time\" content=\"2025-06-23T13:41:44+00:00\" \/>\n<meta property=\"og:image\" content=\"https:\/\/martinszanchet.com.br\/wp-content\/uploads\/2024\/07\/mz-thumb-seo.png\" \/>\n\t<meta property=\"og:image:width\" content=\"1200\" \/>\n\t<meta property=\"og:image:height\" content=\"675\" \/>\n\t<meta property=\"og:image:type\" content=\"image\/png\" \/>\n<meta name=\"twitter:card\" content=\"summary_large_image\" \/>\n<meta name=\"twitter:label1\" content=\"Est. reading time\" \/>\n\t<meta name=\"twitter:data1\" content=\"1 minute\" \/>\n<script type=\"application\/ld+json\" class=\"yoast-schema-graph\">{\"@context\":\"https:\\\/\\\/schema.org\",\"@graph\":[{\"@type\":\"WebPage\",\"@id\":\"https:\\\/\\\/martinszanchet.com.br\\\/es\\\/libros-y-libros-electronicos\\\/\",\"url\":\"https:\\\/\\\/martinszanchet.com.br\\\/es\\\/libros-y-libros-electronicos\\\/\",\"name\":\"Libros y libros electr\u00f3nicos &#187; MartinsZanchet\",\"isPartOf\":{\"@id\":\"https:\\\/\\\/martinszanchet.com.br\\\/es\\\/#website\"},\"datePublished\":\"2023-05-10T13:25:17+00:00\",\"dateModified\":\"2025-06-23T13:41:44+00:00\",\"breadcrumb\":{\"@id\":\"https:\\\/\\\/martinszanchet.com.br\\\/es\\\/libros-y-libros-electronicos\\\/#breadcrumb\"},\"inLanguage\":\"es-ES\",\"potentialAction\":[{\"@type\":\"ReadAction\",\"target\":[\"https:\\\/\\\/martinszanchet.com.br\\\/es\\\/libros-y-libros-electronicos\\\/\"]}]},{\"@type\":\"BreadcrumbList\",\"@id\":\"https:\\\/\\\/martinszanchet.com.br\\\/es\\\/libros-y-libros-electronicos\\\/#breadcrumb\",\"itemListElement\":[{\"@type\":\"ListItem\",\"position\":1,\"name\":\"In\u00edcio\",\"item\":\"https:\\\/\\\/martinszanchet.com.br\\\/es\\\/\"},{\"@type\":\"ListItem\",\"position\":2,\"name\":\"Libros y libros electr\u00f3nicos\"}]},{\"@type\":\"WebSite\",\"@id\":\"https:\\\/\\\/martinszanchet.com.br\\\/es\\\/#website\",\"url\":\"https:\\\/\\\/martinszanchet.com.br\\\/es\\\/\",\"name\":\"MartinsZanchet\",\"description\":\"Inteligencia Ambiental Para Neg\u00f3cios\",\"publisher\":{\"@id\":\"https:\\\/\\\/martinszanchet.com.br\\\/es\\\/#organization\"},\"potentialAction\":[{\"@type\":\"SearchAction\",\"target\":{\"@type\":\"EntryPoint\",\"urlTemplate\":\"https:\\\/\\\/martinszanchet.com.br\\\/es\\\/?s={search_term_string}\"},\"query-input\":{\"@type\":\"PropertyValueSpecification\",\"valueRequired\":true,\"valueName\":\"search_term_string\"}}],\"inLanguage\":\"es-ES\"},{\"@type\":\"Organization\",\"@id\":\"https:\\\/\\\/martinszanchet.com.br\\\/es\\\/#organization\",\"name\":\"MartinsZanchet\",\"url\":\"https:\\\/\\\/martinszanchet.com.br\\\/es\\\/\",\"logo\":{\"@type\":\"ImageObject\",\"inLanguage\":\"es-ES\",\"@id\":\"https:\\\/\\\/martinszanchet.com.br\\\/es\\\/#\\\/schema\\\/logo\\\/image\\\/\",\"url\":\"https:\\\/\\\/martinszanchet.com.br\\\/wp-content\\\/uploads\\\/2024\\\/03\\\/martinszanchet-logo-1d4554.svg\",\"contentUrl\":\"https:\\\/\\\/martinszanchet.com.br\\\/wp-content\\\/uploads\\\/2024\\\/03\\\/martinszanchet-logo-1d4554.svg\",\"width\":\"1024\",\"height\":\"1024\",\"caption\":\"MartinsZanchet\"},\"image\":{\"@id\":\"https:\\\/\\\/martinszanchet.com.br\\\/es\\\/#\\\/schema\\\/logo\\\/image\\\/\"},\"sameAs\":[\"https:\\\/\\\/www.facebook.com\\\/mzadvocaciaambiental\",\"https:\\\/\\\/www.linkedin.com\\\/company\\\/martins-zachet-advocacia-ambiental\\\/\",\"https:\\\/\\\/www.youtube.com\\\/@DireitoAmbientalnaPratica\",\"https:\\\/\\\/www.instagram.com\\\/mzadvocaciaambiental\\\/\"]}]}<\/script>\n<!-- \/ Yoast SEO plugin. -->","yoast_head_json":{"title":"Libros y libros electr\u00f3nicos &#187; MartinsZanchet","robots":{"index":"index","follow":"follow","max-snippet":"max-snippet:-1","max-image-preview":"max-image-preview:large","max-video-preview":"max-video-preview:-1"},"canonical":"https:\/\/martinszanchet.com.br\/es\/libros-y-libros-electronicos\/","og_locale":"es_ES","og_type":"article","og_title":"Libros y libros electr\u00f3nicos &#187; MartinsZanchet","og_url":"https:\/\/martinszanchet.com.br\/es\/libros-y-libros-electronicos\/","og_site_name":"MartinsZanchet","article_publisher":"https:\/\/www.facebook.com\/mzadvocaciaambiental","article_modified_time":"2025-06-23T13:41:44+00:00","og_image":[{"width":1200,"height":675,"url":"https:\/\/martinszanchet.com.br\/wp-content\/uploads\/2024\/07\/mz-thumb-seo.png","type":"image\/png"}],"twitter_card":"summary_large_image","twitter_misc":{"Est. reading time":"1 minute"},"schema":{"@context":"https:\/\/schema.org","@graph":[{"@type":"WebPage","@id":"https:\/\/martinszanchet.com.br\/es\/libros-y-libros-electronicos\/","url":"https:\/\/martinszanchet.com.br\/es\/libros-y-libros-electronicos\/","name":"Libros y libros electr\u00f3nicos &#187; MartinsZanchet","isPartOf":{"@id":"https:\/\/martinszanchet.com.br\/es\/#website"},"datePublished":"2023-05-10T13:25:17+00:00","dateModified":"2025-06-23T13:41:44+00:00","breadcrumb":{"@id":"https:\/\/martinszanchet.com.br\/es\/libros-y-libros-electronicos\/#breadcrumb"},"inLanguage":"es-ES","potentialAction":[{"@type":"ReadAction","target":["https:\/\/martinszanchet.com.br\/es\/libros-y-libros-electronicos\/"]}]},{"@type":"BreadcrumbList","@id":"https:\/\/martinszanchet.com.br\/es\/libros-y-libros-electronicos\/#breadcrumb","itemListElement":[{"@type":"ListItem","position":1,"name":"In\u00edcio","item":"https:\/\/martinszanchet.com.br\/es\/"},{"@type":"ListItem","position":2,"name":"Libros y libros electr\u00f3nicos"}]},{"@type":"WebSite","@id":"https:\/\/martinszanchet.com.br\/es\/#website","url":"https:\/\/martinszanchet.com.br\/es\/","name":"MartinsZanchet","description":"Inteligencia Ambiental Para Neg\u00f3cios","publisher":{"@id":"https:\/\/martinszanchet.com.br\/es\/#organization"},"potentialAction":[{"@type":"SearchAction","target":{"@type":"EntryPoint","urlTemplate":"https:\/\/martinszanchet.com.br\/es\/?s={search_term_string}"},"query-input":{"@type":"PropertyValueSpecification","valueRequired":true,"valueName":"search_term_string"}}],"inLanguage":"es-ES"},{"@type":"Organization","@id":"https:\/\/martinszanchet.com.br\/es\/#organization","name":"MartinsZanchet","url":"https:\/\/martinszanchet.com.br\/es\/","logo":{"@type":"ImageObject","inLanguage":"es-ES","@id":"https:\/\/martinszanchet.com.br\/es\/#\/schema\/logo\/image\/","url":"https:\/\/martinszanchet.com.br\/wp-content\/uploads\/2024\/03\/martinszanchet-logo-1d4554.svg","contentUrl":"https:\/\/martinszanchet.com.br\/wp-content\/uploads\/2024\/03\/martinszanchet-logo-1d4554.svg","width":"1024","height":"1024","caption":"MartinsZanchet"},"image":{"@id":"https:\/\/martinszanchet.com.br\/es\/#\/schema\/logo\/image\/"},"sameAs":["https:\/\/www.facebook.com\/mzadvocaciaambiental","https:\/\/www.linkedin.com\/company\/martins-zachet-advocacia-ambiental\/","https:\/\/www.youtube.com\/@DireitoAmbientalnaPratica","https:\/\/www.instagram.com\/mzadvocaciaambiental\/"]}]}},"_links":{"self":[{"href":"https:\/\/martinszanchet.com.br\/es\/wp-json\/wp\/v2\/pages\/7029","targetHints":{"allow":["GET"]}}],"collection":[{"href":"https:\/\/martinszanchet.com.br\/es\/wp-json\/wp\/v2\/pages"}],"about":[{"href":"https:\/\/martinszanchet.com.br\/es\/wp-json\/wp\/v2\/types\/page"}],"author":[{"embeddable":true,"href":"https:\/\/martinszanchet.com.br\/es\/wp-json\/wp\/v2\/users\/1"}],"replies":[{"embeddable":true,"href":"https:\/\/martinszanchet.com.br\/es\/wp-json\/wp\/v2\/comments?post=7029"}],"version-history":[{"count":1,"href":"https:\/\/martinszanchet.com.br\/es\/wp-json\/wp\/v2\/pages\/7029\/revisions"}],"predecessor-version":[{"id":7030,"href":"https:\/\/martinszanchet.com.br\/es\/wp-json\/wp\/v2\/pages\/7029\/revisions\/7030"}],"wp:attachment":[{"href":"https:\/\/martinszanchet.com.br\/es\/wp-json\/wp\/v2\/media?parent=7029"}],"curies":[{"name":"wp","href":"https:\/\/api.w.org\/{rel}","templated":true}]}}